{"id":3196,"date":"2014-07-02T14:06:16","date_gmt":"2014-07-02T14:06:16","guid":{"rendered":"https:\/\/www.clinicabadia.com\/?page_id=3196"},"modified":"2022-12-13T15:43:24","modified_gmt":"2022-12-13T15:43:24","slug":"contacto","status":"publish","type":"page","link":"https:\/\/www.clinicabadia.com\/es\/contacto\/","title":{"rendered":"Contacto"},"content":{"rendered":"<div class='grid-row clearfix'><div class='grid-col grid-col-12'><section class='cws-widget'><section class='cws_widget_content'>\n<p><iframe loading=\"lazy\" style=\"border: 0;\" src=\"https:\/\/www.google.com\/maps\/embed?pb=!1m18!1m12!1m3!1d3768.9200648954534!2d2.443195199635212!3d41.53833459194801!2m3!1f0!2f0!3f0!3m2!1i1024!2i768!4f13.1!3m3!1m2!1s0x12a4b5212dc650b5%3A0x3139e5749980471e!2sCarrer%20de%20Barcelona%2C%2012%2C%2008301%20Matar%C3%B3%2C%20Barcelona!5e1!3m2!1sen!2ses!4v1570611254911!5m2!1sen!2ses\" width=\"100%\" height=\"450\" frameborder=\"0\" allowfullscreen=\"allowfullscreen\"><\/iframe><\/p>\n<\/section><\/section><\/div><\/div><div class='grid-row clearfix'><div class='grid-col grid-col-8'><section class='cws-widget'><div class='widget-title'>Formulario de contacto<\/div><section class='cws_widget_content'>\n<p>Para cualquier duda o consulta que tenga puede ponerse en contacto con nosotros a trav&eacute;s de este formulario o bien llamando directamente al tel&eacute;fono: 93 790 49 94.<\/p>\n<p>&nbsp;<\/p>\n\n<div class=\"wpcf7 no-js\" id=\"wpcf7-f3193-o1\" lang=\"en-US\" dir=\"ltr\" data-wpcf7-id=\"3193\">\n<div class=\"screen-reader-response\"><p role=\"status\" aria-live=\"polite\" aria-atomic=\"true\"><\/p> <ul><\/ul><\/div>\n<form action=\"\/es\/wp-json\/wp\/v2\/pages\/3196#wpcf7-f3193-o1\" method=\"post\" class=\"wpcf7-form init\" aria-label=\"Contact form\" novalidate=\"novalidate\" data-status=\"init\">\n<fieldset class=\"hidden-fields-container\"><input type=\"hidden\" name=\"_wpcf7\" value=\"3193\" \/><input type=\"hidden\" name=\"_wpcf7_version\" value=\"6.1.1\" \/><input type=\"hidden\" name=\"_wpcf7_locale\" value=\"en_US\" \/><input type=\"hidden\" name=\"_wpcf7_unit_tag\" value=\"wpcf7-f3193-o1\" \/><input type=\"hidden\" name=\"_wpcf7_container_post\" value=\"0\" \/><input type=\"hidden\" name=\"_wpcf7_posted_data_hash\" value=\"\" \/><input type=\"hidden\" name=\"_wpcf7_recaptcha_response\" value=\"\" \/>\n<\/fieldset>\n<p><span class=\"wpcf7-form-control-wrap\" data-name=\"your-name\"><input size=\"40\" maxlength=\"400\" class=\"wpcf7-form-control wpcf7-text wpcf7-validates-as-required\" aria-required=\"true\" aria-invalid=\"false\" placeholder=\"Su nombre\" value=\"\" type=\"text\" name=\"your-name\" \/><\/span><br \/>\n<span class=\"wpcf7-form-control-wrap\" data-name=\"your-city\"><input size=\"40\" maxlength=\"400\" class=\"wpcf7-form-control wpcf7-text\" aria-invalid=\"false\" placeholder=\"Su poblaci\u00f3n\" value=\"\" type=\"text\" name=\"your-city\" \/><\/span><br \/>\n<span class=\"wpcf7-form-control-wrap\" data-name=\"telefon\"><input size=\"40\" maxlength=\"400\" class=\"wpcf7-form-control wpcf7-tel wpcf7-text wpcf7-validates-as-tel\" aria-invalid=\"false\" placeholder=\"Su tel\u00e9fono\" value=\"\" type=\"tel\" name=\"telefon\" \/><\/span><br \/>\n<span class=\"wpcf7-form-control-wrap\" data-name=\"your-email\"><input size=\"40\" maxlength=\"400\" class=\"wpcf7-form-control wpcf7-email wpcf7-validates-as-required wpcf7-text wpcf7-validates-as-email\" aria-required=\"true\" aria-invalid=\"false\" placeholder=\"Su e-mail\" value=\"\" type=\"email\" name=\"your-email\" \/><\/span><br \/>\n<span class=\"wpcf7-form-control-wrap\" data-name=\"your-message\"><textarea cols=\"40\" rows=\"10\" maxlength=\"2000\" class=\"wpcf7-form-control wpcf7-textarea wpcf7-validates-as-required\" aria-required=\"true\" aria-invalid=\"false\" placeholder=\"Su consulta\" name=\"your-message\"><\/textarea><\/span>\n<\/p>\n<div style=\"float: left;\">\n\t<p><span class=\"wpcf7-form-control-wrap\" data-name=\"acceptance-871\"><span class=\"wpcf7-form-control wpcf7-acceptance\"><span class=\"wpcf7-list-item\"><input type=\"checkbox\" name=\"acceptance-871\" value=\"1\" aria-invalid=\"false\" \/><\/span><\/span><\/span>\n\t<\/p>\n<\/div>\n<div style=\"float: left; margin-top: 24px; margin-left: 5px;\">\n\t<p>He le\u00eddo y acepto la <a href=\"https:\/\/www.clinicabadia.com\/es\/politica-de-privacidad\/\" target=\"_blank\">Pol\u00edtica de privacidad<\/a>\n\t<\/p>\n<\/div>\n<div style=\"clear: both;\">\n<\/div>\n<p><input class=\"wpcf7-form-control wpcf7-submit has-spinner\" type=\"submit\" value=\"Enviar\" \/>\n<\/p><div class=\"wpcf7-response-output\" aria-hidden=\"true\"><\/div>\n<\/form>\n<\/div>\n\n<p>&nbsp;<\/p>\n<p>&nbsp;<\/p>\n<\/section><\/section><\/div><div class='grid-col grid-col-4'><section class='cws-widget'><div class='widget-title'>Datos de contacto<\/div><section class='cws_widget_content'>\n<h4>Cl\u00ednica Badia de Oftalmolog\u00eda<\/h4>\n<ul>\n<li>Carrer Barcelona, 12-14, 3\u00ba<\/li>\n<li>08301 Matar\u00f3<\/li>\n<\/ul>\n<p>&nbsp;<\/p>\n<ul>\n<li>Tel\u00e9fono: 93 790 49 94 | 93 790 60 90<\/li>\n<li>E-mail: <a href=\"mailto:info@clinicabadia.com\">info@clinicabadia.com<\/a><\/li>\n<\/ul>\n<p>&nbsp;<\/p>\n<p><img loading=\"lazy\" decoding=\"async\" class=\"alignnone size-full wp-image-3588\" src=\"https:\/\/www.clinicabadia.com\/wp-content\/uploads\/2014\/07\/sala-espera.jpg\" alt=\"Cl\u00ednica Badia - Sala de espera\" width=\"750\" height=\"674\" srcset=\"https:\/\/www.clinicabadia.com\/wp-content\/uploads\/2014\/07\/sala-espera.jpg 750w, https:\/\/www.clinicabadia.com\/wp-content\/uploads\/2014\/07\/sala-espera-768x690.jpg 768w, https:\/\/www.clinicabadia.com\/wp-content\/uploads\/2014\/07\/sala-espera-100x89.jpg 100w, https:\/\/www.clinicabadia.com\/wp-content\/uploads\/2014\/07\/sala-espera-230x206.jpg 230w\" sizes=\"auto, (max-width: 750px) 100vw, 750px\" \/><\/p>\n<\/section><\/section><\/div><\/div>\n","protected":false},"excerpt":{"rendered":"","protected":false},"author":1,"featured_media":0,"parent":0,"menu_order":54,"comment_status":"open","ping_status":"closed","template":"","meta":{"footnotes":""},"class_list":["post-3196","page","type-page","status-publish","hentry"],"yoast_head":"<!-- This site is optimized with the Yoast SEO plugin v26.0 - https:\/\/yoast.com\/wordpress\/plugins\/seo\/ -->\n<title>Contacto - Cl\u00ednica Badia de Oftalmolog\u00eda<\/title>\n<meta name=\"robots\" content=\"index, follow, max-snippet:-1, max-image-preview:large, max-video-preview:-1\" \/>\n<link rel=\"canonical\" href=\"https:\/\/www.clinicabadia.com\/es\/contacto\/\" \/>\n<meta property=\"og:locale\" content=\"es_ES\" \/>\n<meta property=\"og:type\" content=\"article\" \/>\n<meta property=\"og:title\" content=\"Contacto - Cl\u00ednica Badia de Oftalmolog\u00eda\" \/>\n<meta property=\"og:url\" content=\"https:\/\/www.clinicabadia.com\/es\/contacto\/\" \/>\n<meta property=\"og:site_name\" content=\"Cl\u00ednica Badia de Oftalmolog\u00eda\" \/>\n<meta property=\"article:modified_time\" content=\"2022-12-13T15:43:24+00:00\" \/>\n<meta property=\"og:image\" content=\"https:\/\/www.clinicabadia.com\/wp-content\/uploads\/2014\/07\/sala-espera.jpg\" \/>\n<meta name=\"twitter:card\" content=\"summary_large_image\" \/>\n<script type=\"application\/ld+json\" class=\"yoast-schema-graph\">{\"@context\":\"https:\/\/schema.org\",\"@graph\":[{\"@type\":\"WebPage\",\"@id\":\"https:\/\/www.clinicabadia.com\/es\/contacto\/\",\"url\":\"https:\/\/www.clinicabadia.com\/es\/contacto\/\",\"name\":\"Contacto - Cl\u00ednica Badia de Oftalmolog\u00eda\",\"isPartOf\":{\"@id\":\"https:\/\/www.clinicabadia.com\/#website\"},\"primaryImageOfPage\":{\"@id\":\"https:\/\/www.clinicabadia.com\/es\/contacto\/#primaryimage\"},\"image\":{\"@id\":\"https:\/\/www.clinicabadia.com\/es\/contacto\/#primaryimage\"},\"thumbnailUrl\":\"https:\/\/www.clinicabadia.com\/wp-content\/uploads\/2014\/07\/sala-espera.jpg\",\"datePublished\":\"2014-07-02T14:06:16+00:00\",\"dateModified\":\"2022-12-13T15:43:24+00:00\",\"breadcrumb\":{\"@id\":\"https:\/\/www.clinicabadia.com\/es\/contacto\/#breadcrumb\"},\"inLanguage\":\"es\",\"potentialAction\":[{\"@type\":\"ReadAction\",\"target\":[\"https:\/\/www.clinicabadia.com\/es\/contacto\/\"]}]},{\"@type\":\"ImageObject\",\"inLanguage\":\"es\",\"@id\":\"https:\/\/www.clinicabadia.com\/es\/contacto\/#primaryimage\",\"url\":\"https:\/\/www.clinicabadia.com\/wp-content\/uploads\/2014\/07\/sala-espera.jpg\",\"contentUrl\":\"https:\/\/www.clinicabadia.com\/wp-content\/uploads\/2014\/07\/sala-espera.jpg\"},{\"@type\":\"BreadcrumbList\",\"@id\":\"https:\/\/www.clinicabadia.com\/es\/contacto\/#breadcrumb\",\"itemListElement\":[{\"@type\":\"ListItem\",\"position\":1,\"name\":\"Inici\",\"item\":\"https:\/\/www.clinicabadia.com\/es\/\"},{\"@type\":\"ListItem\",\"position\":2,\"name\":\"Contacto\"}]},{\"@type\":\"WebSite\",\"@id\":\"https:\/\/www.clinicabadia.com\/#website\",\"url\":\"https:\/\/www.clinicabadia.com\/\",\"name\":\"Cl\u00ednica Badia de Oftalmolog\u00eda\",\"description\":\"Primer centre Integral del Maresme en la correcci\u00f3 visual per l\u00e0ser\",\"potentialAction\":[{\"@type\":\"SearchAction\",\"target\":{\"@type\":\"EntryPoint\",\"urlTemplate\":\"https:\/\/www.clinicabadia.com\/?s={search_term_string}\"},\"query-input\":{\"@type\":\"PropertyValueSpecification\",\"valueRequired\":true,\"valueName\":\"search_term_string\"}}],\"inLanguage\":\"es\"}]}<\/script>\n<!-- \/ Yoast SEO plugin. -->","yoast_head_json":{"title":"Contacto - Cl\u00ednica Badia de Oftalmolog\u00eda","robots":{"index":"index","follow":"follow","max-snippet":"max-snippet:-1","max-image-preview":"max-image-preview:large","max-video-preview":"max-video-preview:-1"},"canonical":"https:\/\/www.clinicabadia.com\/es\/contacto\/","og_locale":"es_ES","og_type":"article","og_title":"Contacto - Cl\u00ednica Badia de Oftalmolog\u00eda","og_url":"https:\/\/www.clinicabadia.com\/es\/contacto\/","og_site_name":"Cl\u00ednica Badia de Oftalmolog\u00eda","article_modified_time":"2022-12-13T15:43:24+00:00","og_image":[{"url":"https:\/\/www.clinicabadia.com\/wp-content\/uploads\/2014\/07\/sala-espera.jpg","type":"","width":"","height":""}],"twitter_card":"summary_large_image","schema":{"@context":"https:\/\/schema.org","@graph":[{"@type":"WebPage","@id":"https:\/\/www.clinicabadia.com\/es\/contacto\/","url":"https:\/\/www.clinicabadia.com\/es\/contacto\/","name":"Contacto - Cl\u00ednica Badia de Oftalmolog\u00eda","isPartOf":{"@id":"https:\/\/www.clinicabadia.com\/#website"},"primaryImageOfPage":{"@id":"https:\/\/www.clinicabadia.com\/es\/contacto\/#primaryimage"},"image":{"@id":"https:\/\/www.clinicabadia.com\/es\/contacto\/#primaryimage"},"thumbnailUrl":"https:\/\/www.clinicabadia.com\/wp-content\/uploads\/2014\/07\/sala-espera.jpg","datePublished":"2014-07-02T14:06:16+00:00","dateModified":"2022-12-13T15:43:24+00:00","breadcrumb":{"@id":"https:\/\/www.clinicabadia.com\/es\/contacto\/#breadcrumb"},"inLanguage":"es","potentialAction":[{"@type":"ReadAction","target":["https:\/\/www.clinicabadia.com\/es\/contacto\/"]}]},{"@type":"ImageObject","inLanguage":"es","@id":"https:\/\/www.clinicabadia.com\/es\/contacto\/#primaryimage","url":"https:\/\/www.clinicabadia.com\/wp-content\/uploads\/2014\/07\/sala-espera.jpg","contentUrl":"https:\/\/www.clinicabadia.com\/wp-content\/uploads\/2014\/07\/sala-espera.jpg"},{"@type":"BreadcrumbList","@id":"https:\/\/www.clinicabadia.com\/es\/contacto\/#breadcrumb","itemListElement":[{"@type":"ListItem","position":1,"name":"Inici","item":"https:\/\/www.clinicabadia.com\/es\/"},{"@type":"ListItem","position":2,"name":"Contacto"}]},{"@type":"WebSite","@id":"https:\/\/www.clinicabadia.com\/#website","url":"https:\/\/www.clinicabadia.com\/","name":"Cl\u00ednica Badia de Oftalmolog\u00eda","description":"Primer centre Integral del Maresme en la correcci\u00f3 visual per l\u00e0ser","potentialAction":[{"@type":"SearchAction","target":{"@type":"EntryPoint","urlTemplate":"https:\/\/www.clinicabadia.com\/?s={search_term_string}"},"query-input":{"@type":"PropertyValueSpecification","valueRequired":true,"valueName":"search_term_string"}}],"inLanguage":"es"}]}},"_links":{"self":[{"href":"https:\/\/www.clinicabadia.com\/es\/wp-json\/wp\/v2\/pages\/3196","targetHints":{"allow":["GET"]}}],"collection":[{"href":"https:\/\/www.clinicabadia.com\/es\/wp-json\/wp\/v2\/pages"}],"about":[{"href":"https:\/\/www.clinicabadia.com\/es\/wp-json\/wp\/v2\/types\/page"}],"author":[{"embeddable":true,"href":"https:\/\/www.clinicabadia.com\/es\/wp-json\/wp\/v2\/users\/1"}],"replies":[{"embeddable":true,"href":"https:\/\/www.clinicabadia.com\/es\/wp-json\/wp\/v2\/comments?post=3196"}],"version-history":[{"count":15,"href":"https:\/\/www.clinicabadia.com\/es\/wp-json\/wp\/v2\/pages\/3196\/revisions"}],"predecessor-version":[{"id":3795,"href":"https:\/\/www.clinicabadia.com\/es\/wp-json\/wp\/v2\/pages\/3196\/revisions\/3795"}],"wp:attachment":[{"href":"https:\/\/www.clinicabadia.com\/es\/wp-json\/wp\/v2\/media?parent=3196"}],"curies":[{"name":"wp","href":"https:\/\/api.w.org\/{rel}","templated":true}]}}