{"id":3450,"date":"2015-06-17T14:08:19","date_gmt":"2015-06-17T14:08:19","guid":{"rendered":"https:\/\/www.clinicabadia.com\/?page_id=3450"},"modified":"2017-04-18T08:23:49","modified_gmt":"2017-04-18T08:23:49","slug":"presbicia","status":"publish","type":"page","link":"https:\/\/www.clinicabadia.com\/es\/presbicia\/","title":{"rendered":"Presbicia"},"content":{"rendered":"<div class='grid-row clearfix'><div class='grid-col grid-col-12'><section class='cws-widget'><div class='widget-title'>Presbicia<\/div><section class='cws_widget_content'>\n<p><span style=\"font-size: medium;\">La presbicia es la disminuci&oacute;n progresiva de la visi&oacute;n de cerca que se presenta de forma fisiol&oacute;gica a partir de los 40-45 a&ntilde;os. El origen es el endurecimiento de la lente del ojo, el cristalino.<\/span><\/p>\n<p>&nbsp;<\/p>\n<p><span style=\"font-size: medium;\">La substituci&oacute;n del cristalino por una lente trifocal es el tratamiento de elecci&oacute;n. Es un procedimiento quir&uacute;rgico con anestesia t&oacute;pica, similar a la operaci&oacute;n de catarata de manera que al operar la presbicia, el paciente ya no tendr&aacute; catarata.<\/span><\/p>\n<p>&nbsp;<\/p>\n<p><span style=\"font-size: medium;\">En CL&Iacute;NICA BADIA hemos sido pioneros en la cirug&iacute;a de la presbicia, hace m&aacute;s de quince a&ntilde;os.<\/span><\/p>\n<p>&nbsp;<\/p>\n<p><span style=\"font-size: medium;\">La visita y valoraci&oacute;n PREOPERATORIA, as&iacute; como la indicaci&oacute;n del tipo de lente intraocular, son primordiales para que la adaptaci&oacute;n del paciente sea un &eacute;xito.<\/span><\/p>\n<p>&nbsp;<\/p>\n<p><span style=\"font-size: medium;\"><img loading=\"lazy\" decoding=\"async\" class=\"alignnone size-full wp-image-3576\" src=\"https:\/\/www.clinicabadia.com\/wp-content\/uploads\/2015\/06\/presbicia-clinica-badia.jpg\" alt=\"Presbicia - Cl&iacute;nica Badia\" width=\"1200\" height=\"865\" srcset=\"https:\/\/www.clinicabadia.com\/wp-content\/uploads\/2015\/06\/presbicia-clinica-badia.jpg 1200w, https:\/\/www.clinicabadia.com\/wp-content\/uploads\/2015\/06\/presbicia-clinica-badia-768x553.jpg 768w, https:\/\/www.clinicabadia.com\/wp-content\/uploads\/2015\/06\/presbicia-clinica-badia-100x72.jpg 100w, https:\/\/www.clinicabadia.com\/wp-content\/uploads\/2015\/06\/presbicia-clinica-badia-230x165.jpg 230w\" sizes=\"auto, (max-width: 1200px) 100vw, 1200px\" \/><\/span><\/p>\n<\/section><\/section><\/div><\/div>\n","protected":false},"excerpt":{"rendered":"","protected":false},"author":1,"featured_media":0,"parent":0,"menu_order":36,"comment_status":"closed","ping_status":"open","template":"","meta":{"footnotes":""},"class_list":["post-3450","page","type-page","status-publish","hentry"],"yoast_head":"<!-- This site is optimized with the Yoast SEO plugin v26.0 - https:\/\/yoast.com\/wordpress\/plugins\/seo\/ -->\n<title>Presbicia - Cl\u00ednica Badia de Oftalmolog\u00eda<\/title>\n<meta name=\"robots\" content=\"index, follow, max-snippet:-1, max-image-preview:large, max-video-preview:-1\" \/>\n<link rel=\"canonical\" href=\"https:\/\/www.clinicabadia.com\/es\/presbicia\/\" \/>\n<meta property=\"og:locale\" content=\"es_ES\" \/>\n<meta property=\"og:type\" content=\"article\" \/>\n<meta property=\"og:title\" content=\"Presbicia - Cl\u00ednica Badia de Oftalmolog\u00eda\" \/>\n<meta property=\"og:url\" content=\"https:\/\/www.clinicabadia.com\/es\/presbicia\/\" \/>\n<meta property=\"og:site_name\" content=\"Cl\u00ednica Badia de Oftalmolog\u00eda\" \/>\n<meta property=\"article:modified_time\" content=\"2017-04-18T08:23:49+00:00\" \/>\n<meta property=\"og:image\" content=\"https:\/\/www.clinicabadia.com\/wp-content\/uploads\/2015\/06\/presbicia-clinica-badia.jpg\" \/>\n<meta name=\"twitter:card\" content=\"summary_large_image\" \/>\n<meta name=\"twitter:label1\" content=\"Tiempo de lectura\" \/>\n\t<meta name=\"twitter:data1\" content=\"1 minuto\" \/>\n<script type=\"application\/ld+json\" class=\"yoast-schema-graph\">{\"@context\":\"https:\/\/schema.org\",\"@graph\":[{\"@type\":\"WebPage\",\"@id\":\"https:\/\/www.clinicabadia.com\/es\/presbicia\/\",\"url\":\"https:\/\/www.clinicabadia.com\/es\/presbicia\/\",\"name\":\"Presbicia - Cl\u00ednica Badia de Oftalmolog\u00eda\",\"isPartOf\":{\"@id\":\"https:\/\/www.clinicabadia.com\/#website\"},\"primaryImageOfPage\":{\"@id\":\"https:\/\/www.clinicabadia.com\/es\/presbicia\/#primaryimage\"},\"image\":{\"@id\":\"https:\/\/www.clinicabadia.com\/es\/presbicia\/#primaryimage\"},\"thumbnailUrl\":\"https:\/\/www.clinicabadia.com\/wp-content\/uploads\/2015\/06\/presbicia-clinica-badia.jpg\",\"datePublished\":\"2015-06-17T14:08:19+00:00\",\"dateModified\":\"2017-04-18T08:23:49+00:00\",\"breadcrumb\":{\"@id\":\"https:\/\/www.clinicabadia.com\/es\/presbicia\/#breadcrumb\"},\"inLanguage\":\"es\",\"potentialAction\":[{\"@type\":\"ReadAction\",\"target\":[\"https:\/\/www.clinicabadia.com\/es\/presbicia\/\"]}]},{\"@type\":\"ImageObject\",\"inLanguage\":\"es\",\"@id\":\"https:\/\/www.clinicabadia.com\/es\/presbicia\/#primaryimage\",\"url\":\"https:\/\/www.clinicabadia.com\/wp-content\/uploads\/2015\/06\/presbicia-clinica-badia.jpg\",\"contentUrl\":\"https:\/\/www.clinicabadia.com\/wp-content\/uploads\/2015\/06\/presbicia-clinica-badia.jpg\"},{\"@type\":\"BreadcrumbList\",\"@id\":\"https:\/\/www.clinicabadia.com\/es\/presbicia\/#breadcrumb\",\"itemListElement\":[{\"@type\":\"ListItem\",\"position\":1,\"name\":\"Inici\",\"item\":\"https:\/\/www.clinicabadia.com\/es\/\"},{\"@type\":\"ListItem\",\"position\":2,\"name\":\"Presbicia\"}]},{\"@type\":\"WebSite\",\"@id\":\"https:\/\/www.clinicabadia.com\/#website\",\"url\":\"https:\/\/www.clinicabadia.com\/\",\"name\":\"Cl\u00ednica Badia de Oftalmolog\u00eda\",\"description\":\"Primer centre Integral del Maresme en la correcci\u00f3 visual per l\u00e0ser\",\"potentialAction\":[{\"@type\":\"SearchAction\",\"target\":{\"@type\":\"EntryPoint\",\"urlTemplate\":\"https:\/\/www.clinicabadia.com\/?s={search_term_string}\"},\"query-input\":{\"@type\":\"PropertyValueSpecification\",\"valueRequired\":true,\"valueName\":\"search_term_string\"}}],\"inLanguage\":\"es\"}]}<\/script>\n<!-- \/ Yoast SEO plugin. -->","yoast_head_json":{"title":"Presbicia - Cl\u00ednica Badia de Oftalmolog\u00eda","robots":{"index":"index","follow":"follow","max-snippet":"max-snippet:-1","max-image-preview":"max-image-preview:large","max-video-preview":"max-video-preview:-1"},"canonical":"https:\/\/www.clinicabadia.com\/es\/presbicia\/","og_locale":"es_ES","og_type":"article","og_title":"Presbicia - Cl\u00ednica Badia de Oftalmolog\u00eda","og_url":"https:\/\/www.clinicabadia.com\/es\/presbicia\/","og_site_name":"Cl\u00ednica Badia de Oftalmolog\u00eda","article_modified_time":"2017-04-18T08:23:49+00:00","og_image":[{"url":"https:\/\/www.clinicabadia.com\/wp-content\/uploads\/2015\/06\/presbicia-clinica-badia.jpg","type":"","width":"","height":""}],"twitter_card":"summary_large_image","twitter_misc":{"Tiempo de lectura":"1 minuto"},"schema":{"@context":"https:\/\/schema.org","@graph":[{"@type":"WebPage","@id":"https:\/\/www.clinicabadia.com\/es\/presbicia\/","url":"https:\/\/www.clinicabadia.com\/es\/presbicia\/","name":"Presbicia - Cl\u00ednica Badia de Oftalmolog\u00eda","isPartOf":{"@id":"https:\/\/www.clinicabadia.com\/#website"},"primaryImageOfPage":{"@id":"https:\/\/www.clinicabadia.com\/es\/presbicia\/#primaryimage"},"image":{"@id":"https:\/\/www.clinicabadia.com\/es\/presbicia\/#primaryimage"},"thumbnailUrl":"https:\/\/www.clinicabadia.com\/wp-content\/uploads\/2015\/06\/presbicia-clinica-badia.jpg","datePublished":"2015-06-17T14:08:19+00:00","dateModified":"2017-04-18T08:23:49+00:00","breadcrumb":{"@id":"https:\/\/www.clinicabadia.com\/es\/presbicia\/#breadcrumb"},"inLanguage":"es","potentialAction":[{"@type":"ReadAction","target":["https:\/\/www.clinicabadia.com\/es\/presbicia\/"]}]},{"@type":"ImageObject","inLanguage":"es","@id":"https:\/\/www.clinicabadia.com\/es\/presbicia\/#primaryimage","url":"https:\/\/www.clinicabadia.com\/wp-content\/uploads\/2015\/06\/presbicia-clinica-badia.jpg","contentUrl":"https:\/\/www.clinicabadia.com\/wp-content\/uploads\/2015\/06\/presbicia-clinica-badia.jpg"},{"@type":"BreadcrumbList","@id":"https:\/\/www.clinicabadia.com\/es\/presbicia\/#breadcrumb","itemListElement":[{"@type":"ListItem","position":1,"name":"Inici","item":"https:\/\/www.clinicabadia.com\/es\/"},{"@type":"ListItem","position":2,"name":"Presbicia"}]},{"@type":"WebSite","@id":"https:\/\/www.clinicabadia.com\/#website","url":"https:\/\/www.clinicabadia.com\/","name":"Cl\u00ednica Badia de Oftalmolog\u00eda","description":"Primer centre Integral del Maresme en la correcci\u00f3 visual per l\u00e0ser","potentialAction":[{"@type":"SearchAction","target":{"@type":"EntryPoint","urlTemplate":"https:\/\/www.clinicabadia.com\/?s={search_term_string}"},"query-input":{"@type":"PropertyValueSpecification","valueRequired":true,"valueName":"search_term_string"}}],"inLanguage":"es"}]}},"_links":{"self":[{"href":"https:\/\/www.clinicabadia.com\/es\/wp-json\/wp\/v2\/pages\/3450","targetHints":{"allow":["GET"]}}],"collection":[{"href":"https:\/\/www.clinicabadia.com\/es\/wp-json\/wp\/v2\/pages"}],"about":[{"href":"https:\/\/www.clinicabadia.com\/es\/wp-json\/wp\/v2\/types\/page"}],"author":[{"embeddable":true,"href":"https:\/\/www.clinicabadia.com\/es\/wp-json\/wp\/v2\/users\/1"}],"replies":[{"embeddable":true,"href":"https:\/\/www.clinicabadia.com\/es\/wp-json\/wp\/v2\/comments?post=3450"}],"version-history":[{"count":10,"href":"https:\/\/www.clinicabadia.com\/es\/wp-json\/wp\/v2\/pages\/3450\/revisions"}],"predecessor-version":[{"id":3578,"href":"https:\/\/www.clinicabadia.com\/es\/wp-json\/wp\/v2\/pages\/3450\/revisions\/3578"}],"wp:attachment":[{"href":"https:\/\/www.clinicabadia.com\/es\/wp-json\/wp\/v2\/media?parent=3450"}],"curies":[{"name":"wp","href":"https:\/\/api.w.org\/{rel}","templated":true}]}}