{"id":3458,"date":"2015-06-17T14:30:52","date_gmt":"2015-06-17T14:30:52","guid":{"rendered":"https:\/\/www.clinicabadia.com\/?page_id=3458"},"modified":"2017-04-18T08:17:47","modified_gmt":"2017-04-18T08:17:47","slug":"retina","status":"publish","type":"page","link":"https:\/\/www.clinicabadia.com\/es\/retina\/","title":{"rendered":"Retina"},"content":{"rendered":"<div class='grid-row clearfix'><div class='grid-col grid-col-12'><section class='cws-widget'><div class='widget-title'>Retina<\/div><section class='cws_widget_content'>\n<p><span style=\"font-size: medium;\">La patolog&iacute;a de la retina tiene una elevada prevalencia, la DMAE (Degeneraci&oacute;n macular Asociada a la Edad), la Retinopat&iacute;a Diab&eacute;tica, membranas Epirretinianas, el Desprendimiento de Retina, Agujeros Maculares, etc.<\/span><\/p>\n<p>&nbsp;<\/p>\n<p><span style=\"font-size: medium;\">Disponemos de OCT, retinograf&iacute;a, Angiograf&iacute;a Fluoresce&iacute;nica, Autofluorescencia para el diagn&oacute;stico de estas enfermedades.<\/span><\/p>\n<p>&nbsp;<\/p>\n<p><span style=\"font-size: medium;\">Cap&iacute;tulo aparte merece la <\/span><span style=\"font-size: medium;\"><b>DMAE<\/b><\/span><span style=\"font-size: medium;\"> (Degeneraci&oacute;n Macular Asociada a la Edad), por su elevada incidencia y prevalencia a partir de los 65 a&ntilde;os. Es una enfermedad que afecta la parte central de la retina, la m&agrave;cula, y provoca la p&eacute;rdida de visi&oacute;n central, y es la primera causa de ceguera legal en los pa&iacute;ses desarrollados.<\/span><\/p>\n<p>&nbsp;<\/p>\n<p><span style=\"font-size: medium;\"><i>La visi&oacute;n deformada de las cosas y la aparici&oacute;n de manchas fijas en la visi&oacute;n central son s&iacute;ntomas habituales.<\/i><\/span><\/p>\n<p>&nbsp;<\/p>\n<p><span style=\"font-size: medium;\">Hay dos formas cl&iacute;nicas, la forma seca y la forma h&uacute;meda. La forma seca suele tener un curso lento y ser&iacute;a equivalente a una atrofia degenerativa de la m&aacute;cula. La forma h&uacute;meda tiene un curso m&aacute;s r&aacute;pido, y es muy importante el diagn&oacute;stico precoz. L a primera no tiene un tratamiento efectivo, &uacute;nicamente preventivo, la forma h&uacute;meda se trata con inyecciones intrav&iacute;treas de medicaci&oacute;n antiangiog&eacute;nica.<\/span><\/p>\n<p>&nbsp;<\/p>\n<p><span style=\"font-size: medium;\"><i>El tratamiento suele parar la p&eacute;rdida de visi&oacute;n en un 90% de casos, un 40 % mejoran la visi&oacute;n.<\/i><\/span><\/p>\n<p>&nbsp;<\/p>\n<p><img loading=\"lazy\" decoding=\"async\" class=\"alignnone size-full wp-image-3567\" src=\"https:\/\/www.clinicabadia.com\/wp-content\/uploads\/2015\/06\/retina-clinica-badia.jpg\" alt=\"Retina - Cl&iacute;nica Badia\" width=\"1200\" height=\"797\" srcset=\"https:\/\/www.clinicabadia.com\/wp-content\/uploads\/2015\/06\/retina-clinica-badia.jpg 1200w, https:\/\/www.clinicabadia.com\/wp-content\/uploads\/2015\/06\/retina-clinica-badia-150x100.jpg 150w, https:\/\/www.clinicabadia.com\/wp-content\/uploads\/2015\/06\/retina-clinica-badia-300x200.jpg 300w, https:\/\/www.clinicabadia.com\/wp-content\/uploads\/2015\/06\/retina-clinica-badia-768x510.jpg 768w, https:\/\/www.clinicabadia.com\/wp-content\/uploads\/2015\/06\/retina-clinica-badia-100x66.jpg 100w, https:\/\/www.clinicabadia.com\/wp-content\/uploads\/2015\/06\/retina-clinica-badia-230x152.jpg 230w\" sizes=\"auto, (max-width: 1200px) 100vw, 1200px\" \/><\/p>\n<\/section><\/section><\/div><\/div>\n","protected":false},"excerpt":{"rendered":"","protected":false},"author":1,"featured_media":0,"parent":0,"menu_order":60,"comment_status":"closed","ping_status":"open","template":"","meta":{"footnotes":""},"class_list":["post-3458","page","type-page","status-publish","hentry"],"yoast_head":"<!-- This site is optimized with the Yoast SEO plugin v26.0 - https:\/\/yoast.com\/wordpress\/plugins\/seo\/ -->\n<title>Retina - Cl\u00ednica Badia de Oftalmolog\u00eda<\/title>\n<meta name=\"robots\" content=\"index, follow, max-snippet:-1, max-image-preview:large, max-video-preview:-1\" \/>\n<link rel=\"canonical\" href=\"https:\/\/www.clinicabadia.com\/es\/retina\/\" \/>\n<meta property=\"og:locale\" content=\"es_ES\" \/>\n<meta property=\"og:type\" content=\"article\" \/>\n<meta property=\"og:title\" content=\"Retina - Cl\u00ednica Badia de Oftalmolog\u00eda\" \/>\n<meta property=\"og:url\" content=\"https:\/\/www.clinicabadia.com\/es\/retina\/\" \/>\n<meta property=\"og:site_name\" content=\"Cl\u00ednica Badia de Oftalmolog\u00eda\" \/>\n<meta property=\"article:modified_time\" content=\"2017-04-18T08:17:47+00:00\" \/>\n<meta property=\"og:image\" content=\"https:\/\/www.clinicabadia.com\/wp-content\/uploads\/2015\/06\/retina-clinica-badia.jpg\" \/>\n<meta name=\"twitter:card\" content=\"summary_large_image\" \/>\n<meta name=\"twitter:label1\" content=\"Tiempo de lectura\" \/>\n\t<meta name=\"twitter:data1\" content=\"1 minuto\" \/>\n<script type=\"application\/ld+json\" class=\"yoast-schema-graph\">{\"@context\":\"https:\/\/schema.org\",\"@graph\":[{\"@type\":\"WebPage\",\"@id\":\"https:\/\/www.clinicabadia.com\/es\/retina\/\",\"url\":\"https:\/\/www.clinicabadia.com\/es\/retina\/\",\"name\":\"Retina - Cl\u00ednica Badia de Oftalmolog\u00eda\",\"isPartOf\":{\"@id\":\"https:\/\/www.clinicabadia.com\/#website\"},\"primaryImageOfPage\":{\"@id\":\"https:\/\/www.clinicabadia.com\/es\/retina\/#primaryimage\"},\"image\":{\"@id\":\"https:\/\/www.clinicabadia.com\/es\/retina\/#primaryimage\"},\"thumbnailUrl\":\"https:\/\/www.clinicabadia.com\/wp-content\/uploads\/2015\/06\/retina-clinica-badia.jpg\",\"datePublished\":\"2015-06-17T14:30:52+00:00\",\"dateModified\":\"2017-04-18T08:17:47+00:00\",\"breadcrumb\":{\"@id\":\"https:\/\/www.clinicabadia.com\/es\/retina\/#breadcrumb\"},\"inLanguage\":\"es\",\"potentialAction\":[{\"@type\":\"ReadAction\",\"target\":[\"https:\/\/www.clinicabadia.com\/es\/retina\/\"]}]},{\"@type\":\"ImageObject\",\"inLanguage\":\"es\",\"@id\":\"https:\/\/www.clinicabadia.com\/es\/retina\/#primaryimage\",\"url\":\"https:\/\/www.clinicabadia.com\/wp-content\/uploads\/2015\/06\/retina-clinica-badia.jpg\",\"contentUrl\":\"https:\/\/www.clinicabadia.com\/wp-content\/uploads\/2015\/06\/retina-clinica-badia.jpg\"},{\"@type\":\"BreadcrumbList\",\"@id\":\"https:\/\/www.clinicabadia.com\/es\/retina\/#breadcrumb\",\"itemListElement\":[{\"@type\":\"ListItem\",\"position\":1,\"name\":\"Inici\",\"item\":\"https:\/\/www.clinicabadia.com\/es\/\"},{\"@type\":\"ListItem\",\"position\":2,\"name\":\"Retina\"}]},{\"@type\":\"WebSite\",\"@id\":\"https:\/\/www.clinicabadia.com\/#website\",\"url\":\"https:\/\/www.clinicabadia.com\/\",\"name\":\"Cl\u00ednica Badia de Oftalmolog\u00eda\",\"description\":\"Primer centre Integral del Maresme en la correcci\u00f3 visual per l\u00e0ser\",\"potentialAction\":[{\"@type\":\"SearchAction\",\"target\":{\"@type\":\"EntryPoint\",\"urlTemplate\":\"https:\/\/www.clinicabadia.com\/?s={search_term_string}\"},\"query-input\":{\"@type\":\"PropertyValueSpecification\",\"valueRequired\":true,\"valueName\":\"search_term_string\"}}],\"inLanguage\":\"es\"}]}<\/script>\n<!-- \/ Yoast SEO plugin. -->","yoast_head_json":{"title":"Retina - Cl\u00ednica Badia de Oftalmolog\u00eda","robots":{"index":"index","follow":"follow","max-snippet":"max-snippet:-1","max-image-preview":"max-image-preview:large","max-video-preview":"max-video-preview:-1"},"canonical":"https:\/\/www.clinicabadia.com\/es\/retina\/","og_locale":"es_ES","og_type":"article","og_title":"Retina - Cl\u00ednica Badia de Oftalmolog\u00eda","og_url":"https:\/\/www.clinicabadia.com\/es\/retina\/","og_site_name":"Cl\u00ednica Badia de Oftalmolog\u00eda","article_modified_time":"2017-04-18T08:17:47+00:00","og_image":[{"url":"https:\/\/www.clinicabadia.com\/wp-content\/uploads\/2015\/06\/retina-clinica-badia.jpg","type":"","width":"","height":""}],"twitter_card":"summary_large_image","twitter_misc":{"Tiempo de lectura":"1 minuto"},"schema":{"@context":"https:\/\/schema.org","@graph":[{"@type":"WebPage","@id":"https:\/\/www.clinicabadia.com\/es\/retina\/","url":"https:\/\/www.clinicabadia.com\/es\/retina\/","name":"Retina - Cl\u00ednica Badia de Oftalmolog\u00eda","isPartOf":{"@id":"https:\/\/www.clinicabadia.com\/#website"},"primaryImageOfPage":{"@id":"https:\/\/www.clinicabadia.com\/es\/retina\/#primaryimage"},"image":{"@id":"https:\/\/www.clinicabadia.com\/es\/retina\/#primaryimage"},"thumbnailUrl":"https:\/\/www.clinicabadia.com\/wp-content\/uploads\/2015\/06\/retina-clinica-badia.jpg","datePublished":"2015-06-17T14:30:52+00:00","dateModified":"2017-04-18T08:17:47+00:00","breadcrumb":{"@id":"https:\/\/www.clinicabadia.com\/es\/retina\/#breadcrumb"},"inLanguage":"es","potentialAction":[{"@type":"ReadAction","target":["https:\/\/www.clinicabadia.com\/es\/retina\/"]}]},{"@type":"ImageObject","inLanguage":"es","@id":"https:\/\/www.clinicabadia.com\/es\/retina\/#primaryimage","url":"https:\/\/www.clinicabadia.com\/wp-content\/uploads\/2015\/06\/retina-clinica-badia.jpg","contentUrl":"https:\/\/www.clinicabadia.com\/wp-content\/uploads\/2015\/06\/retina-clinica-badia.jpg"},{"@type":"BreadcrumbList","@id":"https:\/\/www.clinicabadia.com\/es\/retina\/#breadcrumb","itemListElement":[{"@type":"ListItem","position":1,"name":"Inici","item":"https:\/\/www.clinicabadia.com\/es\/"},{"@type":"ListItem","position":2,"name":"Retina"}]},{"@type":"WebSite","@id":"https:\/\/www.clinicabadia.com\/#website","url":"https:\/\/www.clinicabadia.com\/","name":"Cl\u00ednica Badia de Oftalmolog\u00eda","description":"Primer centre Integral del Maresme en la correcci\u00f3 visual per l\u00e0ser","potentialAction":[{"@type":"SearchAction","target":{"@type":"EntryPoint","urlTemplate":"https:\/\/www.clinicabadia.com\/?s={search_term_string}"},"query-input":{"@type":"PropertyValueSpecification","valueRequired":true,"valueName":"search_term_string"}}],"inLanguage":"es"}]}},"_links":{"self":[{"href":"https:\/\/www.clinicabadia.com\/es\/wp-json\/wp\/v2\/pages\/3458","targetHints":{"allow":["GET"]}}],"collection":[{"href":"https:\/\/www.clinicabadia.com\/es\/wp-json\/wp\/v2\/pages"}],"about":[{"href":"https:\/\/www.clinicabadia.com\/es\/wp-json\/wp\/v2\/types\/page"}],"author":[{"embeddable":true,"href":"https:\/\/www.clinicabadia.com\/es\/wp-json\/wp\/v2\/users\/1"}],"replies":[{"embeddable":true,"href":"https:\/\/www.clinicabadia.com\/es\/wp-json\/wp\/v2\/comments?post=3458"}],"version-history":[{"count":12,"href":"https:\/\/www.clinicabadia.com\/es\/wp-json\/wp\/v2\/pages\/3458\/revisions"}],"predecessor-version":[{"id":3570,"href":"https:\/\/www.clinicabadia.com\/es\/wp-json\/wp\/v2\/pages\/3458\/revisions\/3570"}],"wp:attachment":[{"href":"https:\/\/www.clinicabadia.com\/es\/wp-json\/wp\/v2\/media?parent=3458"}],"curies":[{"name":"wp","href":"https:\/\/api.w.org\/{rel}","templated":true}]}}