{"id":3511,"date":"2017-04-13T10:02:21","date_gmt":"2017-04-13T10:02:21","guid":{"rendered":"https:\/\/www.clinicabadia.com\/?page_id=3511\/"},"modified":"2017-04-20T08:50:35","modified_gmt":"2017-04-20T08:50:35","slug":"glaucoma","status":"publish","type":"page","link":"https:\/\/www.clinicabadia.com\/es\/glaucoma\/","title":{"rendered":"Glaucoma"},"content":{"rendered":"<div class='grid-row clearfix'><div class='grid-col grid-col-12'><section class='cws-widget'><div class='widget-title'>Glaucoma<\/div><section class='cws_widget_content'>\n<p><span style=\"font-size: medium;\">El glaucoma es una enfermedad secundaria al aumento de la presi&oacute;n intraocular que lesiona al nervio &oacute;ptico.<\/span><\/p>\n<p>&nbsp;<\/p>\n<p><span style=\"font-size: medium;\">El Glaucoma cr&oacute;nico no da s&iacute;ntomas hasta que la enfermedad est&aacute; avanzada, con lesiones irreversibles. Es primordial el diagn&oacute;stico precoz en las etapas iniciales de la enfermedad.<\/span><\/p>\n<p>&nbsp;<\/p>\n<p><span style=\"font-size: medium;\">El <\/span><span style=\"font-size: medium;\"><b>diagn&oacute;stico<\/b><\/span><span style=\"font-size: medium;\"> se basa, aparte de la exploraci&oacute;n habitual, en la medici&oacute;n de la presi&oacute;n intraocular, Paquimetria corneal, Campimetria Computerizada, el estudio de las fibras del nervio &oacute;ptico y de la retina con OCT.<\/span><\/p>\n<p>&nbsp;<\/p>\n<p><span style=\"font-size: medium;\">De forma esquem&aacute;tica hay dos tipos de Glaucoma, el Glaucoma Cr&oacute;nico o de &Aacute;ngulo abierto, el m&aacute;s frecuente, i el Glaucoma de &aacute;ngulo cerrado.<\/span><\/p>\n<p>&nbsp;<\/p>\n<p><span style=\"font-size: medium;\">La mayoria de pacientes afectos de glaucoma se controlan correctamente con tratamiento m&eacute;dico (con gotas), pero en ocasiones puede ser necesario el tratamiento con l&aacute;ser o el tratamiento quir&uacute;rgico.<\/span><\/p>\n<p>&nbsp;<\/p>\n<p><span style=\"font-size: medium;\"><i>El tratamiento adecuado y el control m&eacute;dico riguroso es primordial para mantener la visi&oacute;n a largo plazo.<\/i><\/span><\/p>\n<p>&nbsp;<\/p>\n<p><span style=\"font-size: medium;\"><i><img loading=\"lazy\" decoding=\"async\" class=\"alignnone size-full wp-image-3572\" src=\"https:\/\/www.clinicabadia.com\/wp-content\/uploads\/2017\/04\/glaucoma-clinica-badia.jpg\" alt=\"Glaucoma - Cl&iacute;nica Badia\" width=\"1200\" height=\"800\" srcset=\"https:\/\/www.clinicabadia.com\/wp-content\/uploads\/2017\/04\/glaucoma-clinica-badia.jpg 1200w, https:\/\/www.clinicabadia.com\/wp-content\/uploads\/2017\/04\/glaucoma-clinica-badia-150x100.jpg 150w, https:\/\/www.clinicabadia.com\/wp-content\/uploads\/2017\/04\/glaucoma-clinica-badia-300x200.jpg 300w, https:\/\/www.clinicabadia.com\/wp-content\/uploads\/2017\/04\/glaucoma-clinica-badia-768x512.jpg 768w, https:\/\/www.clinicabadia.com\/wp-content\/uploads\/2017\/04\/glaucoma-clinica-badia-900x600.jpg 900w, https:\/\/www.clinicabadia.com\/wp-content\/uploads\/2017\/04\/glaucoma-clinica-badia-100x66.jpg 100w, https:\/\/www.clinicabadia.com\/wp-content\/uploads\/2017\/04\/glaucoma-clinica-badia-230x153.jpg 230w\" sizes=\"auto, (max-width: 1200px) 100vw, 1200px\" \/><\/i><\/span><\/p>\n<\/section><\/section><\/div><\/div>\n","protected":false},"excerpt":{"rendered":"","protected":false},"author":1,"featured_media":0,"parent":0,"menu_order":10,"comment_status":"closed","ping_status":"closed","template":"","meta":{"footnotes":""},"class_list":["post-3511","page","type-page","status-publish","hentry"],"yoast_head":"<!-- This site is optimized with the Yoast SEO plugin v26.0 - https:\/\/yoast.com\/wordpress\/plugins\/seo\/ -->\n<title>Glaucoma - Cl\u00ednica Badia de Oftalmolog\u00eda<\/title>\n<meta name=\"robots\" content=\"index, follow, max-snippet:-1, max-image-preview:large, max-video-preview:-1\" \/>\n<link rel=\"canonical\" href=\"https:\/\/www.clinicabadia.com\/es\/glaucoma\/\" \/>\n<meta property=\"og:locale\" content=\"es_ES\" \/>\n<meta property=\"og:type\" content=\"article\" \/>\n<meta property=\"og:title\" content=\"Glaucoma - Cl\u00ednica Badia de Oftalmolog\u00eda\" \/>\n<meta property=\"og:url\" content=\"https:\/\/www.clinicabadia.com\/es\/glaucoma\/\" \/>\n<meta property=\"og:site_name\" content=\"Cl\u00ednica Badia de Oftalmolog\u00eda\" \/>\n<meta property=\"article:modified_time\" content=\"2017-04-20T08:50:35+00:00\" \/>\n<meta property=\"og:image\" content=\"https:\/\/www.clinicabadia.com\/wp-content\/uploads\/2017\/04\/glaucoma-clinica-badia.jpg\" \/>\n<meta name=\"twitter:card\" content=\"summary_large_image\" \/>\n<meta name=\"twitter:label1\" content=\"Tiempo de lectura\" \/>\n\t<meta name=\"twitter:data1\" content=\"1 minuto\" \/>\n<script type=\"application\/ld+json\" class=\"yoast-schema-graph\">{\"@context\":\"https:\/\/schema.org\",\"@graph\":[{\"@type\":\"WebPage\",\"@id\":\"https:\/\/www.clinicabadia.com\/es\/glaucoma\/\",\"url\":\"https:\/\/www.clinicabadia.com\/es\/glaucoma\/\",\"name\":\"Glaucoma - Cl\u00ednica Badia de Oftalmolog\u00eda\",\"isPartOf\":{\"@id\":\"https:\/\/www.clinicabadia.com\/#website\"},\"primaryImageOfPage\":{\"@id\":\"https:\/\/www.clinicabadia.com\/es\/glaucoma\/#primaryimage\"},\"image\":{\"@id\":\"https:\/\/www.clinicabadia.com\/es\/glaucoma\/#primaryimage\"},\"thumbnailUrl\":\"https:\/\/www.clinicabadia.com\/wp-content\/uploads\/2017\/04\/glaucoma-clinica-badia.jpg\",\"datePublished\":\"2017-04-13T10:02:21+00:00\",\"dateModified\":\"2017-04-20T08:50:35+00:00\",\"breadcrumb\":{\"@id\":\"https:\/\/www.clinicabadia.com\/es\/glaucoma\/#breadcrumb\"},\"inLanguage\":\"es\",\"potentialAction\":[{\"@type\":\"ReadAction\",\"target\":[\"https:\/\/www.clinicabadia.com\/es\/glaucoma\/\"]}]},{\"@type\":\"ImageObject\",\"inLanguage\":\"es\",\"@id\":\"https:\/\/www.clinicabadia.com\/es\/glaucoma\/#primaryimage\",\"url\":\"https:\/\/www.clinicabadia.com\/wp-content\/uploads\/2017\/04\/glaucoma-clinica-badia.jpg\",\"contentUrl\":\"https:\/\/www.clinicabadia.com\/wp-content\/uploads\/2017\/04\/glaucoma-clinica-badia.jpg\"},{\"@type\":\"BreadcrumbList\",\"@id\":\"https:\/\/www.clinicabadia.com\/es\/glaucoma\/#breadcrumb\",\"itemListElement\":[{\"@type\":\"ListItem\",\"position\":1,\"name\":\"Inici\",\"item\":\"https:\/\/www.clinicabadia.com\/es\/\"},{\"@type\":\"ListItem\",\"position\":2,\"name\":\"Glaucoma\"}]},{\"@type\":\"WebSite\",\"@id\":\"https:\/\/www.clinicabadia.com\/#website\",\"url\":\"https:\/\/www.clinicabadia.com\/\",\"name\":\"Cl\u00ednica Badia de Oftalmolog\u00eda\",\"description\":\"Primer centre Integral del Maresme en la correcci\u00f3 visual per l\u00e0ser\",\"potentialAction\":[{\"@type\":\"SearchAction\",\"target\":{\"@type\":\"EntryPoint\",\"urlTemplate\":\"https:\/\/www.clinicabadia.com\/?s={search_term_string}\"},\"query-input\":{\"@type\":\"PropertyValueSpecification\",\"valueRequired\":true,\"valueName\":\"search_term_string\"}}],\"inLanguage\":\"es\"}]}<\/script>\n<!-- \/ Yoast SEO plugin. -->","yoast_head_json":{"title":"Glaucoma - Cl\u00ednica Badia de Oftalmolog\u00eda","robots":{"index":"index","follow":"follow","max-snippet":"max-snippet:-1","max-image-preview":"max-image-preview:large","max-video-preview":"max-video-preview:-1"},"canonical":"https:\/\/www.clinicabadia.com\/es\/glaucoma\/","og_locale":"es_ES","og_type":"article","og_title":"Glaucoma - Cl\u00ednica Badia de Oftalmolog\u00eda","og_url":"https:\/\/www.clinicabadia.com\/es\/glaucoma\/","og_site_name":"Cl\u00ednica Badia de Oftalmolog\u00eda","article_modified_time":"2017-04-20T08:50:35+00:00","og_image":[{"url":"https:\/\/www.clinicabadia.com\/wp-content\/uploads\/2017\/04\/glaucoma-clinica-badia.jpg","type":"","width":"","height":""}],"twitter_card":"summary_large_image","twitter_misc":{"Tiempo de lectura":"1 minuto"},"schema":{"@context":"https:\/\/schema.org","@graph":[{"@type":"WebPage","@id":"https:\/\/www.clinicabadia.com\/es\/glaucoma\/","url":"https:\/\/www.clinicabadia.com\/es\/glaucoma\/","name":"Glaucoma - Cl\u00ednica Badia de Oftalmolog\u00eda","isPartOf":{"@id":"https:\/\/www.clinicabadia.com\/#website"},"primaryImageOfPage":{"@id":"https:\/\/www.clinicabadia.com\/es\/glaucoma\/#primaryimage"},"image":{"@id":"https:\/\/www.clinicabadia.com\/es\/glaucoma\/#primaryimage"},"thumbnailUrl":"https:\/\/www.clinicabadia.com\/wp-content\/uploads\/2017\/04\/glaucoma-clinica-badia.jpg","datePublished":"2017-04-13T10:02:21+00:00","dateModified":"2017-04-20T08:50:35+00:00","breadcrumb":{"@id":"https:\/\/www.clinicabadia.com\/es\/glaucoma\/#breadcrumb"},"inLanguage":"es","potentialAction":[{"@type":"ReadAction","target":["https:\/\/www.clinicabadia.com\/es\/glaucoma\/"]}]},{"@type":"ImageObject","inLanguage":"es","@id":"https:\/\/www.clinicabadia.com\/es\/glaucoma\/#primaryimage","url":"https:\/\/www.clinicabadia.com\/wp-content\/uploads\/2017\/04\/glaucoma-clinica-badia.jpg","contentUrl":"https:\/\/www.clinicabadia.com\/wp-content\/uploads\/2017\/04\/glaucoma-clinica-badia.jpg"},{"@type":"BreadcrumbList","@id":"https:\/\/www.clinicabadia.com\/es\/glaucoma\/#breadcrumb","itemListElement":[{"@type":"ListItem","position":1,"name":"Inici","item":"https:\/\/www.clinicabadia.com\/es\/"},{"@type":"ListItem","position":2,"name":"Glaucoma"}]},{"@type":"WebSite","@id":"https:\/\/www.clinicabadia.com\/#website","url":"https:\/\/www.clinicabadia.com\/","name":"Cl\u00ednica Badia de Oftalmolog\u00eda","description":"Primer centre Integral del Maresme en la correcci\u00f3 visual per l\u00e0ser","potentialAction":[{"@type":"SearchAction","target":{"@type":"EntryPoint","urlTemplate":"https:\/\/www.clinicabadia.com\/?s={search_term_string}"},"query-input":{"@type":"PropertyValueSpecification","valueRequired":true,"valueName":"search_term_string"}}],"inLanguage":"es"}]}},"_links":{"self":[{"href":"https:\/\/www.clinicabadia.com\/es\/wp-json\/wp\/v2\/pages\/3511","targetHints":{"allow":["GET"]}}],"collection":[{"href":"https:\/\/www.clinicabadia.com\/es\/wp-json\/wp\/v2\/pages"}],"about":[{"href":"https:\/\/www.clinicabadia.com\/es\/wp-json\/wp\/v2\/types\/page"}],"author":[{"embeddable":true,"href":"https:\/\/www.clinicabadia.com\/es\/wp-json\/wp\/v2\/users\/1"}],"replies":[{"embeddable":true,"href":"https:\/\/www.clinicabadia.com\/es\/wp-json\/wp\/v2\/comments?post=3511"}],"version-history":[{"count":5,"href":"https:\/\/www.clinicabadia.com\/es\/wp-json\/wp\/v2\/pages\/3511\/revisions"}],"predecessor-version":[{"id":3617,"href":"https:\/\/www.clinicabadia.com\/es\/wp-json\/wp\/v2\/pages\/3511\/revisions\/3617"}],"wp:attachment":[{"href":"https:\/\/www.clinicabadia.com\/es\/wp-json\/wp\/v2\/media?parent=3511"}],"curies":[{"name":"wp","href":"https:\/\/api.w.org\/{rel}","templated":true}]}}