{"id":3646,"date":"2017-04-25T14:33:52","date_gmt":"2017-04-25T14:33:52","guid":{"rendered":"https:\/\/www.clinicabadia.com\/politica-de-cookies\/"},"modified":"2021-09-30T10:50:44","modified_gmt":"2021-09-30T10:50:44","slug":"politica-de-cookies","status":"publish","type":"page","link":"https:\/\/www.clinicabadia.com\/es\/politica-de-cookies\/","title":{"rendered":"Pol\u00edtica de cookies"},"content":{"rendered":"<div class='grid-row clearfix'><div class='grid-col grid-col-12'><section class='cws-widget'><section class='cws_widget_content'>\n<p><strong>\u00bfQu\u00e9 son las cookies y por qu\u00e9 las utilizamos en el sitio web?<\/strong><\/p>\n<p>Una cookie es un archivo que se descarga en el dispositivo del usuario para acceder a un determinado sitio web para almacenar y recuperar informaci\u00f3n sobre la navegaci\u00f3n que se hace en el ordenador.<\/p>\n<p>Las cookies permiten a este sitio web, entre otras cosas, almacenar y recuperar informaci\u00f3n sobre las opciones y los h\u00e1bitos del usuario.\u00a0En este sitio web, las cookies que existen son necesarias para el funcionamiento de este.<\/p>\n<p>Es importante tener en cuenta que el uso de cookies no proporciona datos personales del usuario.<\/p>\n<p>&nbsp;<\/p>\n<p><strong>\u00bfQu\u00e9 tipo de cookies existen?<\/strong><\/p>\n<p>Las cookies, en funci\u00f3n del tiempo que permanecen activadas, pueden dividirse en cookies de sesi\u00f3n o permanentes:<\/p>\n<ul>\n<li><strong>Cookies de sesi\u00f3n: <\/strong>los datos que recaban y almacenan estas cookies se recogen mientras el usuario navega por la p\u00e1gina web, y son eliminadas al cerrar el navegador. Se suelen emplear para almacenar informaci\u00f3n que interesa conservar para la prestaci\u00f3n del servicio solicitado por el usuario en una sola ocasi\u00f3n.<\/li>\n<li><strong>Cookies persistentes:<\/strong> mediante estas cookies los datos contin\u00faan almacenados en el terminal durante un per\u00edodo de tiempo determinado, facilitando as\u00ed el control de las preferencias elegidas sin tener que repetir ciertos par\u00e1metros cada vez que se visite el sitio web.<\/li>\n<\/ul>\n<p>Adicionalmente, seg\u00fan la entidad que las gestione, las cookies pueden clasificarse en propias o de tercero:<\/p>\n<ul>\n<li><strong>Cookies propias: <\/strong>estas cookies se env\u00edan al equipo terminal del usuario desde un equipo o dominio gestionado por el propio editor y desde el cual se presta el servicio solicitado por el usuario.<\/li>\n<li><strong>Cookies de terceros:<\/strong> estas cookies se env\u00edan al equipo terminal del usuario desde un equipo o dominio que no es gestionado por el editor, sino por otra entidad que trata los datos obtenidos trav\u00e9s de las cookies.<\/li>\n<\/ul>\n<p><strong>\u00a0<\/strong>En cuanto a la finalidad, las cookies pueden ser:<\/p>\n<ul>\n<li><strong>Cookies t\u00e9cnicas: <\/strong>estas cookies permiten controlar el tr\u00e1fico y la comunicaci\u00f3n de datos.<\/li>\n<li><strong>Cookies de personalizaci\u00f3n: <\/strong>estas cookies dejan acceder a los usuarios seg\u00fan algunas caracter\u00edsticas propias que se recogen (navegador, idioma, etc.).<\/li>\n<li><strong>Cookies de an\u00e1lisis: <\/strong>estas cookies permiten al responsable de las mismas el seguimiento y an\u00e1lisis del comportamiento de los usuarios de los sitios web y permiten elaborar un perfil de usuario.<\/li>\n<\/ul>\n<p><strong>Cookies publicitarias:<\/strong> estas cookies recogen datos sobre la gesti\u00f3n de los espacios publicitarios.<\/p>\n<p>&nbsp;<\/p>\n<p><strong>\u00bfQu\u00e9 tipo de cookies utiliza la web?<\/strong><\/p>\n<p>&nbsp;<\/p>\n<table class=\"b10\" border=\"1\" cellspacing=\"0\" cellpadding=\"5\" align=\"center\">\n<thead>\n<tr>\n<td width=\"152\"><strong>Nombre<\/strong><\/td>\n<td width=\"146\"><strong>Dominio<\/strong><\/td>\n<td width=\"265\"><strong>Finalidad<\/strong><\/td>\n<td width=\"154\"><strong>Vencimiento<\/strong><\/td>\n<\/tr>\n<\/thead>\n<tbody>\n<tr>\n<td valign=\"top\" width=\"152\">_GRECAPTCHA<\/td>\n<td valign=\"top\" width=\"146\">.google.com<\/td>\n<td valign=\"top\" width=\"265\">Google establece esta cookie. Adem\u00e1s de ciertas cookies est\u00e1ndar de Google, greCAPTCHA establece una cookie necesaria (_GRECAPTCHA) cuando se ejecuta con el fin de proporcionar su an\u00e1lisis de riesgo.<\/td>\n<td valign=\"top\" width=\"154\">5 meses<\/td>\n<\/tr>\n<tr>\n<td valign=\"top\" width=\"152\">viewed_cookie_policy<\/td>\n<td valign=\"top\" width=\"146\"><a href=\"http:\/\/www.clinicabadia.com\">www.clinicabadia.com<\/a><\/td>\n<td valign=\"top\" width=\"265\">La cookie est\u00e1 configurada por el complemento de consentimiento de cookies de GDPR y se utiliza para almacenar si el usuario ha dado su consentimiento o no para el uso de cookies. No almacena ning\u00fan dato personal.<\/td>\n<td valign=\"top\" width=\"154\">11 meses<\/td>\n<\/tr>\n<tr>\n<td valign=\"top\" width=\"152\">CookieLawInfoConsent<\/td>\n<td valign=\"top\" width=\"146\"><a href=\"http:\/\/www.clinicabadia.com\">www.clinicabadia.com<\/a><\/td>\n<td valign=\"top\" width=\"265\">La cookie se utiliza para almacenar el resumen del consentimiento otorgado para el uso de cookies. No almacena ning\u00fan dato personal.<\/td>\n<td valign=\"top\" width=\"154\">11 meses<\/td>\n<\/tr>\n<tr>\n<td valign=\"top\" width=\"152\">cookielawinfo-checkbox-necessary<\/td>\n<td valign=\"top\" width=\"146\"><a href=\"http:\/\/www.clinicabadia.com\">www.clinicabadia.com<\/a><\/td>\n<td valign=\"top\" width=\"265\">Esta cookie est\u00e1 configurada por el complemento de consentimiento de cookies de GDPR. Las cookies se utilizan para almacenar el consentimiento del usuario para las cookies en la categor\u00eda &#8220;Necesarias&#8221;.<\/td>\n<td valign=\"top\" width=\"154\">11 meses<\/td>\n<\/tr>\n<tr>\n<td valign=\"top\" width=\"152\">NID<\/td>\n<td valign=\"top\" width=\"146\">.google.com<\/td>\n<td valign=\"top\" width=\"265\">La cookie NID contiene un ID \u00fanico que Google utiliza para recordar tus preferencias. Para m\u00e1s informaci\u00f3n puede pulsar <a href=\"https:\/\/policies.google.com\/technologies\/types?hl=es\">aqu\u00ed<\/a><\/td>\n<td valign=\"top\" width=\"154\">6 meses<\/td>\n<\/tr>\n<tr>\n<td valign=\"top\" width=\"152\">CONSENT<\/td>\n<td valign=\"top\" width=\"146\">.google.com<\/td>\n<td valign=\"top\" width=\"265\">Implantan determinadas utilidades de Google y pueden almacenar ciertas preferencias<\/td>\n<td valign=\"top\" width=\"154\">20 a\u00f1os<\/td>\n<\/tr>\n<tr>\n<td valign=\"top\" width=\"152\">1P_JAR<\/td>\n<td valign=\"top\" width=\"146\">.google.es<\/td>\n<td valign=\"top\" width=\"265\">Se utiliza para mostrar la publicidad m\u00e1s atractiva<\/td>\n<td valign=\"top\" width=\"154\">1 semana<\/td>\n<\/tr>\n<tr>\n<td valign=\"top\" width=\"152\">DV<\/td>\n<td valign=\"top\" width=\"146\">.google.com<\/td>\n<td valign=\"top\" width=\"265\">Personalizaci\u00f3n de anuncios en los servicios de Google como, por ejemplo, youtube, la b\u00fasqueda de Google, Google maps&#8230;<\/td>\n<td valign=\"top\" width=\"154\">1 minuto<\/td>\n<\/tr>\n<tr>\n<td width=\"152\">OTZ<\/td>\n<td width=\"146\">.google.com<\/td>\n<td width=\"265\">Gesti\u00f3n del estado de la sesi\u00f3n<\/td>\n<td width=\"154\">2 a\u00f1os<\/td>\n<\/tr>\n<\/tbody>\n<\/table>\n<p>&nbsp;<\/p>\n<p><strong>\u00bfC\u00f3mo deshabilitar las cookies en su navegador?<\/strong><\/p>\n<p>El usuario puede permitir, bloquear o eliminar las cookies instaladas en su equipo mediante la configuraci\u00f3n de las opciones del navegador instalado en su ordenador. Por favor, lee atentamente la secci\u00f3n de ayuda de su navegador para conocer m\u00e1s acerca de c\u00f3mo activar el \u201cmodo privado\u201d o desbloquear determinadas cookies.<\/p>\n<ul>\n<li>Informaci\u00f3n sobre cookies para\u00a0<a href=\"https:\/\/support.microsoft.com\/es-es\/help\/17442\/windows-internet-explorer-delete-manage-cookies\" target=\"_blank\" rel=\"noopener\">Internet Explorer<\/a>.<\/li>\n<li>Informaci\u00f3n sobre cookies para\u00a0<a href=\"https:\/\/support.mozilla.org\/es\/kb\/habilitar-y-deshabilitar-cookies-que-los-sitios-we\" target=\"_blank\" rel=\"noopener\">Mozilla Firefox<\/a>.<\/li>\n<li>Informaci\u00f3n sobre cookies para\u00a0<a href=\"http:\/\/help.opera.com\/Windows\/11.50\/es-ES\/cookies.html\" target=\"_blank\" rel=\"noopener\">Opera<\/a>.<\/li>\n<li>Informaci\u00f3n sobre cookies para\u00a0<a href=\"https:\/\/support.google.com\/accounts\/answer\/61416?hl=es\" target=\"_blank\" rel=\"noopener\">Google Chrome<\/a>.<\/li>\n<li>Informaci\u00f3n sobre cookies para\u00a0<a href=\"https:\/\/support.apple.com\/es-es\/HT201265\" target=\"_blank\" rel=\"noopener\">Safari<\/a>.<\/li>\n<\/ul>\n<\/section><\/section><\/div><\/div>\n","protected":false},"excerpt":{"rendered":"","protected":false},"author":2,"featured_media":0,"parent":0,"menu_order":8,"comment_status":"closed","ping_status":"closed","template":"","meta":{"footnotes":""},"class_list":["post-3646","page","type-page","status-publish","hentry"],"yoast_head":"<!-- This site is optimized with the Yoast SEO plugin v26.0 - https:\/\/yoast.com\/wordpress\/plugins\/seo\/ -->\n<title>Pol\u00edtica de cookies - Cl\u00ednica Badia de Oftalmolog\u00eda<\/title>\n<meta name=\"robots\" content=\"index, follow, max-snippet:-1, max-image-preview:large, max-video-preview:-1\" \/>\n<link rel=\"canonical\" href=\"https:\/\/www.clinicabadia.com\/es\/politica-de-cookies\/\" \/>\n<meta property=\"og:locale\" content=\"es_ES\" \/>\n<meta property=\"og:type\" content=\"article\" \/>\n<meta property=\"og:title\" content=\"Pol\u00edtica de cookies - Cl\u00ednica Badia de Oftalmolog\u00eda\" \/>\n<meta property=\"og:url\" content=\"https:\/\/www.clinicabadia.com\/es\/politica-de-cookies\/\" \/>\n<meta property=\"og:site_name\" content=\"Cl\u00ednica Badia de Oftalmolog\u00eda\" \/>\n<meta property=\"article:modified_time\" content=\"2021-09-30T10:50:44+00:00\" \/>\n<meta name=\"twitter:card\" content=\"summary_large_image\" \/>\n<meta name=\"twitter:label1\" content=\"Tiempo de lectura\" \/>\n\t<meta name=\"twitter:data1\" content=\"4 minutos\" \/>\n<script type=\"application\/ld+json\" class=\"yoast-schema-graph\">{\"@context\":\"https:\/\/schema.org\",\"@graph\":[{\"@type\":\"WebPage\",\"@id\":\"https:\/\/www.clinicabadia.com\/es\/politica-de-cookies\/\",\"url\":\"https:\/\/www.clinicabadia.com\/es\/politica-de-cookies\/\",\"name\":\"Pol\u00edtica de cookies - Cl\u00ednica Badia de Oftalmolog\u00eda\",\"isPartOf\":{\"@id\":\"https:\/\/www.clinicabadia.com\/#website\"},\"datePublished\":\"2017-04-25T14:33:52+00:00\",\"dateModified\":\"2021-09-30T10:50:44+00:00\",\"breadcrumb\":{\"@id\":\"https:\/\/www.clinicabadia.com\/es\/politica-de-cookies\/#breadcrumb\"},\"inLanguage\":\"es\",\"potentialAction\":[{\"@type\":\"ReadAction\",\"target\":[\"https:\/\/www.clinicabadia.com\/es\/politica-de-cookies\/\"]}]},{\"@type\":\"BreadcrumbList\",\"@id\":\"https:\/\/www.clinicabadia.com\/es\/politica-de-cookies\/#breadcrumb\",\"itemListElement\":[{\"@type\":\"ListItem\",\"position\":1,\"name\":\"Inici\",\"item\":\"https:\/\/www.clinicabadia.com\/es\/\"},{\"@type\":\"ListItem\",\"position\":2,\"name\":\"Pol\u00edtica de cookies\"}]},{\"@type\":\"WebSite\",\"@id\":\"https:\/\/www.clinicabadia.com\/#website\",\"url\":\"https:\/\/www.clinicabadia.com\/\",\"name\":\"Cl\u00ednica Badia de Oftalmolog\u00eda\",\"description\":\"Primer centre Integral del Maresme en la correcci\u00f3 visual per l\u00e0ser\",\"potentialAction\":[{\"@type\":\"SearchAction\",\"target\":{\"@type\":\"EntryPoint\",\"urlTemplate\":\"https:\/\/www.clinicabadia.com\/?s={search_term_string}\"},\"query-input\":{\"@type\":\"PropertyValueSpecification\",\"valueRequired\":true,\"valueName\":\"search_term_string\"}}],\"inLanguage\":\"es\"}]}<\/script>\n<!-- \/ Yoast SEO plugin. -->","yoast_head_json":{"title":"Pol\u00edtica de cookies - Cl\u00ednica Badia de Oftalmolog\u00eda","robots":{"index":"index","follow":"follow","max-snippet":"max-snippet:-1","max-image-preview":"max-image-preview:large","max-video-preview":"max-video-preview:-1"},"canonical":"https:\/\/www.clinicabadia.com\/es\/politica-de-cookies\/","og_locale":"es_ES","og_type":"article","og_title":"Pol\u00edtica de cookies - Cl\u00ednica Badia de Oftalmolog\u00eda","og_url":"https:\/\/www.clinicabadia.com\/es\/politica-de-cookies\/","og_site_name":"Cl\u00ednica Badia de Oftalmolog\u00eda","article_modified_time":"2021-09-30T10:50:44+00:00","twitter_card":"summary_large_image","twitter_misc":{"Tiempo de lectura":"4 minutos"},"schema":{"@context":"https:\/\/schema.org","@graph":[{"@type":"WebPage","@id":"https:\/\/www.clinicabadia.com\/es\/politica-de-cookies\/","url":"https:\/\/www.clinicabadia.com\/es\/politica-de-cookies\/","name":"Pol\u00edtica de cookies - Cl\u00ednica Badia de Oftalmolog\u00eda","isPartOf":{"@id":"https:\/\/www.clinicabadia.com\/#website"},"datePublished":"2017-04-25T14:33:52+00:00","dateModified":"2021-09-30T10:50:44+00:00","breadcrumb":{"@id":"https:\/\/www.clinicabadia.com\/es\/politica-de-cookies\/#breadcrumb"},"inLanguage":"es","potentialAction":[{"@type":"ReadAction","target":["https:\/\/www.clinicabadia.com\/es\/politica-de-cookies\/"]}]},{"@type":"BreadcrumbList","@id":"https:\/\/www.clinicabadia.com\/es\/politica-de-cookies\/#breadcrumb","itemListElement":[{"@type":"ListItem","position":1,"name":"Inici","item":"https:\/\/www.clinicabadia.com\/es\/"},{"@type":"ListItem","position":2,"name":"Pol\u00edtica de cookies"}]},{"@type":"WebSite","@id":"https:\/\/www.clinicabadia.com\/#website","url":"https:\/\/www.clinicabadia.com\/","name":"Cl\u00ednica Badia de Oftalmolog\u00eda","description":"Primer centre Integral del Maresme en la correcci\u00f3 visual per l\u00e0ser","potentialAction":[{"@type":"SearchAction","target":{"@type":"EntryPoint","urlTemplate":"https:\/\/www.clinicabadia.com\/?s={search_term_string}"},"query-input":{"@type":"PropertyValueSpecification","valueRequired":true,"valueName":"search_term_string"}}],"inLanguage":"es"}]}},"_links":{"self":[{"href":"https:\/\/www.clinicabadia.com\/es\/wp-json\/wp\/v2\/pages\/3646","targetHints":{"allow":["GET"]}}],"collection":[{"href":"https:\/\/www.clinicabadia.com\/es\/wp-json\/wp\/v2\/pages"}],"about":[{"href":"https:\/\/www.clinicabadia.com\/es\/wp-json\/wp\/v2\/types\/page"}],"author":[{"embeddable":true,"href":"https:\/\/www.clinicabadia.com\/es\/wp-json\/wp\/v2\/users\/2"}],"replies":[{"embeddable":true,"href":"https:\/\/www.clinicabadia.com\/es\/wp-json\/wp\/v2\/comments?post=3646"}],"version-history":[{"count":3,"href":"https:\/\/www.clinicabadia.com\/es\/wp-json\/wp\/v2\/pages\/3646\/revisions"}],"predecessor-version":[{"id":3766,"href":"https:\/\/www.clinicabadia.com\/es\/wp-json\/wp\/v2\/pages\/3646\/revisions\/3766"}],"wp:attachment":[{"href":"https:\/\/www.clinicabadia.com\/es\/wp-json\/wp\/v2\/media?parent=3646"}],"curies":[{"name":"wp","href":"https:\/\/api.w.org\/{rel}","templated":true}]}}