{"id":3655,"date":"2017-04-25T14:46:15","date_gmt":"2017-04-25T14:46:15","guid":{"rendered":"https:\/\/www.clinicabadia.com\/condicions-dus\/"},"modified":"2023-04-04T14:12:19","modified_gmt":"2023-04-04T14:12:19","slug":"aviso-legal","status":"publish","type":"page","link":"https:\/\/www.clinicabadia.com\/es\/aviso-legal\/","title":{"rendered":"Aviso legal"},"content":{"rendered":"<div class='grid-row clearfix'><div class='grid-col grid-col-12'><section class='cws-widget'><section class='cws_widget_content'>\n<p>En cumplimiento de la Ley 34\/2002, de 11 de julio, de Servicios de la Sociedad de la Informaci&oacute;n y de Comercio electr&oacute;nico, se informa al Usuario que el titular de la p&aacute;gina web <a href=\"http:\/\/www.clinicabadia.com\">www.clinicabadia.com<\/a> es de la sociedad CL&Iacute;NICA BADIA, SLP y sus datos de identificaci&oacute;n son las siguientes:&nbsp;<\/p>\n<ul>\n<li>Responsable: CL&Iacute;NICA BADIA, SLP &ndash; en adelante CL&Iacute;NICA BADIA<\/li>\n<li>NIF: 38785259Z<\/li>\n<li>Domicilio social: C\/ Barcelona, n&uacute;m. 12-14, 08301 Matar&oacute; (Barcelona)<\/li>\n<li>Correo Electr&oacute;nico: <a href=\"mailto:info@clinicabadia.com\">info@clinicabadia.com<\/a><\/li>\n<\/ul>\n<p><strong>&nbsp;<\/strong><\/p>\n<p><strong>Acceder a la p&aacute;gina web&nbsp;&nbsp;&nbsp;&nbsp;&nbsp;&nbsp;&nbsp;&nbsp; <\/strong><\/p>\n<p>El aviso legal regula el acceso y uso de los Usuarios a la p&aacute;gina web y tiene por objeto dar a conocer los servicios de la entidad y permitir el acceso general de todos los usuarios de Internet.<\/p>\n<p>El acceso y\/o uso de la Web atribuye a quien lo realiza la condici&oacute;n de Usuario y la aceptaci&oacute;n, sin reservas de ninguna clase, de todas y cada una de las presentes condiciones generales, as&iacute; como de aquellas otras particulares que, si procede, rijan la utilizaci&oacute;n del Portal o de los servicios vinculados al mismo.<\/p>\n<p>El usuario tiene que leer atentamente el Aviso Legal y las Pol&iacute;ticas de Privacidad y de Cookies cuando se proponga utilizar la P&aacute;gina Web, puesto que CL&Iacute;NICA BADIA, se reserva la facultad de realizar, en cualquier momento y sin necesidad de ning&uacute;n preaviso, cualquier modificaci&oacute;n o actualizaci&oacute;n de los contenidos y servicios, de las presentes disposiciones de acceso y uso y, en general, de cu&aacute;ntos elementos integren el dise&ntilde;o y configuraci&oacute;n de su Web. Si no acepta las condiciones de acceso y uso, le rogamos se abstenga de utilizar el Web y su contenido.&nbsp;<\/p>\n<p>&nbsp;<\/p>\n<p><strong>Utilizaci&oacute;n de la p&aacute;gina web<\/strong><\/p>\n<p>El Usuario se compromete a hacer un uso diligente de la P&aacute;gina Web, as&iacute; como de la informaci&oacute;n relativa a sus servicios y actividades, con total sujeci&oacute;n tanto a la normativa aplicable, as&iacute; como con la moral y las buenas costumbres generalmente aceptadas y el orden p&uacute;blico, las condiciones de acceso y uso y cualesquiera otras condiciones establecidas a la P&aacute;gina Web.&nbsp;<\/p>\n<p>Adem&aacute;s, se compromete a abstenerse de utilizar cualquier de los contenidos con finalidades o efectos il&iacute;citos, prohibidos en el presente texto, lesivos de los derechos e intereses de terceros, o que de cualquier forma puedan da&ntilde;ar, inutilizar, sobrecargar, deteriorar o impedir la normal utilizaci&oacute;n de los contenidos, otros Usuarios o de cualquier usuario de Internet (hardware y software).<\/p>\n<p><strong>&nbsp;<\/strong><\/p>\n<p><strong>Funcionamiento de la p&aacute;gina web<\/strong><\/p>\n<p>En caso de incumplimiento de las condiciones del Aviso Legal, o las Pol&iacute;ticas de Privacidad y Cookies, CL&Iacute;NICA BADIA, se reserva el derecho a limitar, suspender y\/o excluir el acceso en su P&aacute;gina Web, adoptando cualquier medida t&eacute;cnica necesaria a su respeto. CL&Iacute;NICA BADIA, har&aacute; lo posible para mantener la p&aacute;gina Web en buen funcionamiento, evitando errores, o bien repar&aacute;ndolos y manteniendo los contenidos actualizados. Ahora bien, CL&Iacute;NICA BADIA, no garantiza la disponibilidad y continuidad en el acceso en la P&aacute;gina Web ni la inexistencia de errores en el contenido.&nbsp;<\/p>\n<p>&nbsp;<\/p>\n<p><strong>Responsabilidad<\/strong><\/p>\n<p>El Usuario es el &uacute;nico responsable del uso que se pueda hacer de cualquier informaci&oacute;n o mecanismo de la P&aacute;gina Web.<\/p>\n<p>CL&Iacute;NICA BADIA, no se har&aacute; responsable de ning&uacute;n da&ntilde;o en el hardware y\/o software del Usuario que se derive del acceso y uso de la P&aacute;gina Web. As&iacute; mismo, tampoco se responsabilizar&aacute; de estos da&ntilde;os y\/o perjuicios que se puedan ocasionar por el acceso y\/o uso de la informaci&oacute;n de la P&aacute;gina Web, y en concreto de los que se puedan producir en sistemas inform&aacute;ticos o los provocados por virus \/o ataques inform&aacute;ticos, ca&iacute;das, interrupciones ausencia o defecto en las comunicaciones y\/o Internet.&nbsp;<\/p>\n<p>El Usuario ser&aacute; responsable de los da&ntilde;os y\/o perjuicios que CL&Iacute;NICA BADIA, pueda sufrir como consecuencia del incumplimiento de cualquier de las obligaciones a las que queda sometido a trav&eacute;s del presente Aviso Legal, la normativa aplicable y Pol&iacute;tica de Privacidad y de Cookies.&nbsp;<\/p>\n<p>&nbsp;<\/p>\n<p><strong>Pol&iacute;tica en materia de &ldquo;Links&rdquo; (Web enlazante y enlazada)<\/strong><\/p>\n<p>a) Web enlazante:<\/p>\n<p>Los terceros que tengan la intenci&oacute;n de incluir en una p&aacute;gina web un enlace de la presente p&aacute;gina tendr&aacute; que cumplir con la legislaci&oacute;n vigente y no podr&aacute;n alojar contenidos que sean inapropiados, il&iacute;citos, pornogr&aacute;ficos, violentos, etc.<\/p>\n<p>&nbsp;<\/p>\n<p>En ning&uacute;n caso CL&Iacute;NICA BADIA, se hace responsable del contenido de la P&aacute;gina Web, ni promueve, garantiza, supervisa ni recomienda los contenidos de esta.&nbsp;<\/p>\n<p>Si la Web enlazante incumple alguno de los aspectos anteriores estar&aacute; obligado a suprimir el enlace de manera inmediata.<\/p>\n<p>&nbsp;<\/p>\n<p>b) Web enlazada:<\/p>\n<p>En esta P&aacute;gina Web se pueden incluir enlaces de p&aacute;ginas web de terceros que permitan al Usuario acceder. No obstante, CL&Iacute;NICA BADIA, no se hace responsable del contenido de estas p&aacute;ginas web enlazadas, sino que ser&aacute; el Usuario el encargado de aceptar y comprobar los accesos cada vez que acceda.<\/p>\n<p>Tales enlaces o menciones tienen una finalidad que no implican el apoyo, la aprobaci&oacute;n, comercializaci&oacute;n o relaci&oacute;n alguna entre la p&aacute;gina y las personas o entidades titulares de los lugares donde se encuentren.<\/p>\n<p>&nbsp;<\/p>\n<p><strong>Propiedad Intelectual e Industrial sobre los contenidos<\/strong><\/p>\n<p>CL&Iacute;NICA BADIA, o sus licenciantes, son titulares de todos los derechos de propiedad intelectual sobre los Contenidos de la P&aacute;gina Web, entendiendo como tal todos los dise&ntilde;os, bases de datos, programas de ordenadores subyacentes (c&oacute;digo fuente, incluido), as&iacute; como los diferentes elementos que integran la P&aacute;gina Web (textos, gr&aacute;ficos, fotograf&iacute;as, v&iacute;deos, colores, etc.), estructura, orden, etc. En relaci&oacute;n con las marcas y nombres comerciales (&ldquo;signos distintivos&rdquo;) son titularidad de CL&Iacute;NICA BADIA, o los licenciantes.&nbsp;<\/p>\n<p>El uso de la P&aacute;gina Web por parte del Usuario no supone la cesi&oacute;n de ning&uacute;n derecho de propiedad intelectual ni industrial. El Usuario tiene totalmente prohibido reproducir, copiar, distribuir, poner a disposici&oacute;n o de cualquier otra forma de comunicar p&uacute;blicamente, transformar o modificar los Contenidos o los Signos distintivos, salvo que se cuente con la autorizaci&oacute;n del titular de los correspondientes derechos o esto resulte legalmente permitido.<\/p>\n<p>&nbsp;<\/p>\n<p><strong>Publicidad<\/strong><\/p>\n<p>En la p&aacute;gina Web podr&aacute;n alojarse contenidos publicitarios o patrocinados. Los anunciantes o patrocinadores son los &uacute;nicos responsables de asegurarse que el material remitido para su inclusi&oacute;n en la Web cumple con las leyes que en cada caso puedan ser aplicables.<\/p>\n<p>CL&Iacute;NICA BADIA, no ser&aacute; responsable de ning&uacute;n error, inexactitud o irregularidad que puedan contener los contenidos publicitarios o de los patrocinadores.<\/p>\n<p><strong>&nbsp;<\/strong><\/p>\n<p><strong>Legislaci&oacute;n aplicable<\/strong><\/p>\n<p>El Aviso Legal se regir&aacute; e interpretar&aacute; en conformidad con la legislaci&oacute;n espa&ntilde;ola.<\/p>\n<p>Para la resoluci&oacute;n de cualquier conflicto que pudiera derivarse del acceso al sitio web, se someter&aacute;n a los juzgados o tribunales pertinentes de conformidad con la normativa de consumidores y usuarios.<\/p>\n<p><strong>&nbsp;<\/strong><\/p>\n<p><strong>Contacto<\/strong><\/p>\n<p>Para cualquier pregunta o comentario sobre el presente aviso legal os pod&eacute;is poner en contacto con nosotros a trav&eacute;s del correo electr&oacute;nico <a href=\"mailto:info@clinicabadia.com\">info@clinicabadia.com<\/a>.<\/p>\n<\/section><\/section><\/div><\/div>\n","protected":false},"excerpt":{"rendered":"","protected":false},"author":2,"featured_media":0,"parent":0,"menu_order":6,"comment_status":"closed","ping_status":"closed","template":"","meta":{"footnotes":""},"class_list":["post-3655","page","type-page","status-publish","hentry"],"yoast_head":"<!-- This site is optimized with the Yoast SEO plugin v26.0 - https:\/\/yoast.com\/wordpress\/plugins\/seo\/ -->\n<title>Aviso legal - Cl\u00ednica Badia de Oftalmolog\u00eda<\/title>\n<meta name=\"robots\" content=\"index, follow, max-snippet:-1, max-image-preview:large, max-video-preview:-1\" \/>\n<link rel=\"canonical\" href=\"https:\/\/www.clinicabadia.com\/es\/aviso-legal\/\" \/>\n<meta property=\"og:locale\" content=\"es_ES\" \/>\n<meta property=\"og:type\" content=\"article\" \/>\n<meta property=\"og:title\" content=\"Aviso legal - Cl\u00ednica Badia de Oftalmolog\u00eda\" \/>\n<meta property=\"og:url\" content=\"https:\/\/www.clinicabadia.com\/es\/aviso-legal\/\" \/>\n<meta property=\"og:site_name\" content=\"Cl\u00ednica Badia de Oftalmolog\u00eda\" \/>\n<meta property=\"article:modified_time\" content=\"2023-04-04T14:12:19+00:00\" \/>\n<meta name=\"twitter:card\" content=\"summary_large_image\" \/>\n<meta name=\"twitter:label1\" content=\"Tiempo de lectura\" \/>\n\t<meta name=\"twitter:data1\" content=\"7 minutos\" \/>\n<script type=\"application\/ld+json\" class=\"yoast-schema-graph\">{\"@context\":\"https:\/\/schema.org\",\"@graph\":[{\"@type\":\"WebPage\",\"@id\":\"https:\/\/www.clinicabadia.com\/es\/aviso-legal\/\",\"url\":\"https:\/\/www.clinicabadia.com\/es\/aviso-legal\/\",\"name\":\"Aviso legal - Cl\u00ednica Badia de Oftalmolog\u00eda\",\"isPartOf\":{\"@id\":\"https:\/\/www.clinicabadia.com\/#website\"},\"datePublished\":\"2017-04-25T14:46:15+00:00\",\"dateModified\":\"2023-04-04T14:12:19+00:00\",\"breadcrumb\":{\"@id\":\"https:\/\/www.clinicabadia.com\/es\/aviso-legal\/#breadcrumb\"},\"inLanguage\":\"es\",\"potentialAction\":[{\"@type\":\"ReadAction\",\"target\":[\"https:\/\/www.clinicabadia.com\/es\/aviso-legal\/\"]}]},{\"@type\":\"BreadcrumbList\",\"@id\":\"https:\/\/www.clinicabadia.com\/es\/aviso-legal\/#breadcrumb\",\"itemListElement\":[{\"@type\":\"ListItem\",\"position\":1,\"name\":\"Inici\",\"item\":\"https:\/\/www.clinicabadia.com\/es\/\"},{\"@type\":\"ListItem\",\"position\":2,\"name\":\"Aviso legal\"}]},{\"@type\":\"WebSite\",\"@id\":\"https:\/\/www.clinicabadia.com\/#website\",\"url\":\"https:\/\/www.clinicabadia.com\/\",\"name\":\"Cl\u00ednica Badia de Oftalmolog\u00eda\",\"description\":\"Primer centre Integral del Maresme en la correcci\u00f3 visual per l\u00e0ser\",\"potentialAction\":[{\"@type\":\"SearchAction\",\"target\":{\"@type\":\"EntryPoint\",\"urlTemplate\":\"https:\/\/www.clinicabadia.com\/?s={search_term_string}\"},\"query-input\":{\"@type\":\"PropertyValueSpecification\",\"valueRequired\":true,\"valueName\":\"search_term_string\"}}],\"inLanguage\":\"es\"}]}<\/script>\n<!-- \/ Yoast SEO plugin. -->","yoast_head_json":{"title":"Aviso legal - Cl\u00ednica Badia de Oftalmolog\u00eda","robots":{"index":"index","follow":"follow","max-snippet":"max-snippet:-1","max-image-preview":"max-image-preview:large","max-video-preview":"max-video-preview:-1"},"canonical":"https:\/\/www.clinicabadia.com\/es\/aviso-legal\/","og_locale":"es_ES","og_type":"article","og_title":"Aviso legal - Cl\u00ednica Badia de Oftalmolog\u00eda","og_url":"https:\/\/www.clinicabadia.com\/es\/aviso-legal\/","og_site_name":"Cl\u00ednica Badia de Oftalmolog\u00eda","article_modified_time":"2023-04-04T14:12:19+00:00","twitter_card":"summary_large_image","twitter_misc":{"Tiempo de lectura":"7 minutos"},"schema":{"@context":"https:\/\/schema.org","@graph":[{"@type":"WebPage","@id":"https:\/\/www.clinicabadia.com\/es\/aviso-legal\/","url":"https:\/\/www.clinicabadia.com\/es\/aviso-legal\/","name":"Aviso legal - Cl\u00ednica Badia de Oftalmolog\u00eda","isPartOf":{"@id":"https:\/\/www.clinicabadia.com\/#website"},"datePublished":"2017-04-25T14:46:15+00:00","dateModified":"2023-04-04T14:12:19+00:00","breadcrumb":{"@id":"https:\/\/www.clinicabadia.com\/es\/aviso-legal\/#breadcrumb"},"inLanguage":"es","potentialAction":[{"@type":"ReadAction","target":["https:\/\/www.clinicabadia.com\/es\/aviso-legal\/"]}]},{"@type":"BreadcrumbList","@id":"https:\/\/www.clinicabadia.com\/es\/aviso-legal\/#breadcrumb","itemListElement":[{"@type":"ListItem","position":1,"name":"Inici","item":"https:\/\/www.clinicabadia.com\/es\/"},{"@type":"ListItem","position":2,"name":"Aviso legal"}]},{"@type":"WebSite","@id":"https:\/\/www.clinicabadia.com\/#website","url":"https:\/\/www.clinicabadia.com\/","name":"Cl\u00ednica Badia de Oftalmolog\u00eda","description":"Primer centre Integral del Maresme en la correcci\u00f3 visual per l\u00e0ser","potentialAction":[{"@type":"SearchAction","target":{"@type":"EntryPoint","urlTemplate":"https:\/\/www.clinicabadia.com\/?s={search_term_string}"},"query-input":{"@type":"PropertyValueSpecification","valueRequired":true,"valueName":"search_term_string"}}],"inLanguage":"es"}]}},"_links":{"self":[{"href":"https:\/\/www.clinicabadia.com\/es\/wp-json\/wp\/v2\/pages\/3655","targetHints":{"allow":["GET"]}}],"collection":[{"href":"https:\/\/www.clinicabadia.com\/es\/wp-json\/wp\/v2\/pages"}],"about":[{"href":"https:\/\/www.clinicabadia.com\/es\/wp-json\/wp\/v2\/types\/page"}],"author":[{"embeddable":true,"href":"https:\/\/www.clinicabadia.com\/es\/wp-json\/wp\/v2\/users\/2"}],"replies":[{"embeddable":true,"href":"https:\/\/www.clinicabadia.com\/es\/wp-json\/wp\/v2\/comments?post=3655"}],"version-history":[{"count":5,"href":"https:\/\/www.clinicabadia.com\/es\/wp-json\/wp\/v2\/pages\/3655\/revisions"}],"predecessor-version":[{"id":3802,"href":"https:\/\/www.clinicabadia.com\/es\/wp-json\/wp\/v2\/pages\/3655\/revisions\/3802"}],"wp:attachment":[{"href":"https:\/\/www.clinicabadia.com\/es\/wp-json\/wp\/v2\/media?parent=3655"}],"curies":[{"name":"wp","href":"https:\/\/api.w.org\/{rel}","templated":true}]}}